{"id":1366,"date":"2023-12-19T15:44:12","date_gmt":"2023-12-19T14:44:12","guid":{"rendered":"https:\/\/vecchio.iet.unipi.it\/vecchio\/?page_id=1366"},"modified":"2025-07-21T13:34:51","modified_gmt":"2025-07-21T12:34:51","slug":"programmazione-avanzata","status":"publish","type":"page","link":"https:\/\/vecchio.iet.unipi.it\/vecchio\/teaching\/programmazione-avanzata\/","title":{"rendered":"Programmazione Avanzata"},"content":{"rendered":"<p>Il materiale didattico di Programmazione Avanzata viene normalmente distribuito con il Team dell&#8217;insegnamento. A seguire potete trovare i link ai team dei diversi anni accademici. I contenuti del corso sono stati aggiornati nel corso di queste tre edizioni da me tenute. Gli studenti che dovessero preparare l&#8217;esame ex-novo possono prendere in considerazione l&#8217;ipotesi di basarsi sull&#8217;ultima edizione del corso.<\/p>\n<ul>\n<li><a href=\"https:\/\/teams.microsoft.com\/l\/team\/19%3APmf1JnLyeosKTrVLBcetCiWIhl5OrINJIAR5DRePrjc1%40thread.tacv2\/conversations?groupId=56ee8f35-d40f-4006-a5c6-b6f687c5c973&amp;tenantId=c7456b31-a220-47f5-be52-473828670aa1\">Edizione a.a. 24\/25<\/a><\/li>\n<li><a href=\"https:\/\/teams.microsoft.com\/l\/team\/19%3A3XmJkVsf1qzWe7pvFL_eu10ZQOXShgHgo1Kgt-SF3oA1%40thread.tacv2\/conversations?groupId=e3408c2a-f402-40db-8be2-1c18e2e8599a&amp;tenantId=c7456b31-a220-47f5-be52-473828670aa1\">Edizione a.a. 23\/24<\/a><\/li>\n<li><a href=\"https:\/\/teams.microsoft.com\/l\/team\/19%3AiKPeWf86bpXS6rXYr6fugntgZDOQEmPkt0_v0Mo2wlk1%40thread.tacv2\/conversations?groupId=b197fef6-bc51-4e20-992c-1d736ba9c4b8&amp;tenantId=c7456b31-a220-47f5-be52-473828670aa1\">Edizione a.a. 22\/23<\/a><\/li>\n<li><a href=\"https:\/\/teams.microsoft.com\/l\/team\/19%3AV6CkJudEFy04-acZScgGGjNMjEksYyVp0YAieYzRWa81%40thread.tacv2\/conversations?groupId=27e11ccc-1b9f-4f89-9214-cfb2883561e9&amp;tenantId=c7456b31-a220-47f5-be52-473828670aa1\">Edizione a.a. 21\/22<\/a><\/li>\n<\/ul>\n<p>&nbsp;<\/p>\n<p>Testi consigliati:<\/p>\n<ul>\n<li>The Java Programming Language, 4th edition, Arnold, Gosling, Holmes<\/li>\n<li>Materiale didattico fornito dal docente mediante il team del corso (documento elettronico one-note e slide)<\/li>\n<li>C&#8217;\u00e8 un altro libro di testo che \u00e8 possibile usare, ma \u00e8 consigliato solo a chi non avesse dimestichezza con la programmazione. Il libro \u00e8 disponibile in pdf <a href=\"https:\/\/vecchio.iet.unipi.it\/programmazione-avanzata\/libro-programmare-in-java\/\">qui<\/a>.<\/li>\n<\/ul>\n<p>I testi d&#8217;esame sono disponibili in questo repository github: <a href=\"https:\/\/github.com\/alessiovecchio\/programmazione-avanzata\">testi d&#8217;esame<\/a><\/p>\n<p>&nbsp;<\/p>\n","protected":false},"excerpt":{"rendered":"<p>Il materiale didattico di Programmazione Avanzata viene normalmente distribuito con il Team dell&#8217;insegnamento. A seguire potete trovare i link ai team dei diversi anni accademici. I contenuti del corso sono stati aggiornati nel corso di queste tre edizioni da me tenute. Gli studenti che dovessero preparare l&#8217;esame ex-novo possono prendere in considerazione l&#8217;ipotesi di basarsi [&hellip;]<\/p>\n","protected":false},"author":1,"featured_media":0,"parent":5,"menu_order":0,"comment_status":"closed","ping_status":"closed","template":"","meta":{"_monsterinsights_skip_tracking":false,"_monsterinsights_sitenote_active":false,"_monsterinsights_sitenote_note":"","_monsterinsights_sitenote_category":0,"footnotes":""},"class_list":["post-1366","page","type-page","status-publish","hentry"],"_links":{"self":[{"href":"https:\/\/vecchio.iet.unipi.it\/vecchio\/wp-json\/wp\/v2\/pages\/1366","targetHints":{"allow":["GET"]}}],"collection":[{"href":"https:\/\/vecchio.iet.unipi.it\/vecchio\/wp-json\/wp\/v2\/pages"}],"about":[{"href":"https:\/\/vecchio.iet.unipi.it\/vecchio\/wp-json\/wp\/v2\/types\/page"}],"author":[{"embeddable":true,"href":"https:\/\/vecchio.iet.unipi.it\/vecchio\/wp-json\/wp\/v2\/users\/1"}],"replies":[{"embeddable":true,"href":"https:\/\/vecchio.iet.unipi.it\/vecchio\/wp-json\/wp\/v2\/comments?post=1366"}],"version-history":[{"count":8,"href":"https:\/\/vecchio.iet.unipi.it\/vecchio\/wp-json\/wp\/v2\/pages\/1366\/revisions"}],"predecessor-version":[{"id":1399,"href":"https:\/\/vecchio.iet.unipi.it\/vecchio\/wp-json\/wp\/v2\/pages\/1366\/revisions\/1399"}],"up":[{"embeddable":true,"href":"https:\/\/vecchio.iet.unipi.it\/vecchio\/wp-json\/wp\/v2\/pages\/5"}],"wp:attachment":[{"href":"https:\/\/vecchio.iet.unipi.it\/vecchio\/wp-json\/wp\/v2\/media?parent=1366"}],"curies":[{"name":"wp","href":"https:\/\/api.w.org\/{rel}","templated":true}]}}