{"id":7,"date":"2011-05-28T08:30:24","date_gmt":"2011-05-28T06:30:24","guid":{"rendered":"https:\/\/vecchio.iet.unipi.it\/permoby2013\/?page_id=7"},"modified":"2013-03-05T15:25:44","modified_gmt":"2013-03-05T15:25:44","slug":"technical-program","status":"publish","type":"page","link":"https:\/\/vecchio.iet.unipi.it\/permoby2013\/technical-program\/","title":{"rendered":"Technical program"},"content":{"rendered":"<h2><strong>Monday 18 March 2013<\/strong><\/h2>\n<ul>\n<li>\n<h2><strong>09:00-10:00: Keynote lecture<br \/>\n<\/strong><\/h2>\n<ul>\n<li><strong><em>Mobility in Public Indoor Urban Spaces: An Asian Perspective<\/em><\/strong><br \/>\n<em>Archan Misra (Singapore Management University, Singapore)<\/em><\/li>\n<\/ul>\n<\/li>\n<\/ul>\n<ul>\n<li>\n<h2><strong>10:30-12:00 Session 1: Understanding Context\u00a0 <\/strong><\/h2>\n<p>Chaired by Jakob Eg Larsen (Technical University of Denmark, Denmark)<\/p>\n<ul>\n<li><strong><em>Matador: Mobile Task Detector for Context-aware Crowd-Sensing Campaigns<\/em><\/strong><br \/>\n<em>Iacopo Carreras (Create-Net, Italy); Daniele Miorandi (Create-Net, Italy); Andrei Tamilin (U-Hopper, Italy); Nicola Conci (University of Trento, Italy); Emmanuel R Ssebaggala (University of Trento, Italy)<\/em><\/li>\n<li><strong><em>How many places do you visit a day?<\/em><\/strong><br \/>\n<em>Michela Papandrea (University of Applied Sciences of Southern Switzerland Switzerland (SUPSI), Switzerland); Matteo Zignani (University of Milano, Italy); Sabrina Gaito (Universit\u00e0 degli Studi di Milano, Italy); Silvia Giordano (University of Applied Sciences and Arts of Southern Switzerland (SUPSI), Switzerland); Gian Paolo Rossi (Universit\u00e0 degli Studi di Milano, Italy)<\/em><\/li>\n<li><strong><em>Will You Like this Place? A Tag-Based Place Representation Approach<\/em><\/strong><br \/>\n<em>Gualtiero Colombo (University of Cardiff, United Kingdom); Martin J Chorley (Cardiff University, United Kingdom); Vlad Tanasescu (Cardiff University, United Kingdom); Stuart Allen (University of Cardiff, United Kingdom); Chris Jones (Cardiff University, United Kingdom); Roger Whitaker (University of Cardiff, United Kingdom)<\/em><\/li>\n<\/ul>\n<\/li>\n<\/ul>\n<ul>\n<li>\n<h2><strong>1:30-3:00 Session 2: Sensing and Mobility\u00a0 \u00a0 <\/strong><\/h2>\n<p>Chaired by Alessio Vecchio (University of Pisa, Italy)<\/p>\n<ul>\n<li><strong><em>AmbientSense: A Real-Time Ambient Sound Recognition System for Smartphones<\/em><\/strong><br \/>\n<em>Mirco Rossi (ETH Zurich, Switzerland); Sebastian Feese (Wearable Computing Lab ETH Z\u00fcrich, Switzerland); Oliver Amft (Eindhoven University of Technology, Germany); Nils Braune (Wearable Computing Lab ETH Z\u00fcrich, Switzerland); Sandro Martis (Wearable Computing Lab ETH Z\u00fcrich, Switzerland); Gerhard Tr\u00f6ster (Wearable Computing Lab ETH Z\u00fcrich, Switzerland)<\/em><\/li>\n<li><strong><em>Sensor Mobile Enablement (SME): a Light-Weight Standard for Opportunistic Sensing Services<\/em><\/strong><br \/>\n<em>Valerio Arnaboldi (IIT-CNR, Italy); Marco Conti (IIT-CNR, Italy); Franca Delmastro (IIT-CNR, Italy); Giovanni Minutiello (IIT-CNR, Italy); Laura Ricci (University of Pisa, Italy)<\/em><\/li>\n<li><strong><em>Participatory Bluetooth Sensing: A Method for Acquiring Spatio-Temporal Data about Participant Mobility and Interactions at Large Scale Events<\/em><\/strong><br \/>\n<em>Arkadiusz Stopczynski (Technical University of Denmark, Denmark); Jakob Eg Larsen (Technical University of Denmark, Denmark); Sune Lehmann (Technical University of Denmark, Denmark); Lukasz Dynowski (Technical University of Denmark, Denmark); Marcos Fuentes (Technical University of Denmark, Denmark)<\/em><\/li>\n<\/ul>\n<\/li>\n<\/ul>\n<ul>\n<li>\n<h2><strong>3:30-5:30 Session 3: Crowdsourcing, Communication, and Human Dynamics\u00a0\u00a0<\/strong><\/h2>\n<p>Chaired by \u00a0\u00a0 \u00a0Daniele Puccinelli (University of Applied Sciences of Southern Switzerland, Switzerland)<\/p>\n<ul>\n<li><strong><em>Sensing the Internet through crowdsourcing<\/em><\/strong><br \/>\n<em>Enrico Gregori (CNR-IIT, Italy); Luciano Lenzini (University of Pisa, Italy); Valerio Luconi (University of Pisa, Italy); Alessio Vecchio (University of Pisa &amp; Dip. Ingegneria dell&#8217;Informazione, Italy)<\/em><\/li>\n<li><strong><em>Towards efficient opportunistic communications: a hybrid approach<\/em><\/strong><br \/>\n<em>Ranjana Pathak (The University of Queensland, Australia); Peizhao Hu (NICTA, Australia); Jadwiga Indulska (The University of Queensland, Australia); Marius Portmann (University of Queensland, Australia); Wee Lum Tan (NICTA, Australia)<\/em><\/li>\n<li><strong><em>Fingerprinting temporal networks of close-range human proximity<\/em><\/strong><br \/>\n<em>Andr\u00e9 Panisson (ISI Foundation, Italy); Laetitia Gauvin (ISI Foundation, Italy); Alain Barrat (Centre de Physique Theorique, France); Ciro Cattuto (ISI, Italy)<\/em><\/li>\n<li><strong><em>Spatiotemporal Route Estimation Consistent with Human Mobility Using Cellular Network Data<\/em><\/strong><br \/>\n<em>Hiroshi Kanasugi (The University of Tokyo, Japan); Yoshihide Sekimoto (The University of Tokyo, Japan); Mori Kurokawa (KDDI R&amp;D Laboratories Inc., Japan); Takafumi Watanabe (KDDI R&amp;D Laboratories Inc., Japan); Shigeki Muramatsu (KDDI R&amp;D Laboratories Inc., Japan); Shibasaki Ryosuke (The University of Tokyo, Japan)<\/em><\/li>\n<\/ul>\n<\/li>\n<\/ul>\n<p>&nbsp;<\/p>\n<p>&nbsp;<\/p>\n<p>&nbsp;<\/p>\n","protected":false},"excerpt":{"rendered":"<p>Monday 18 March 2013 09:00-10:00: Keynote lecture Mobility in Public Indoor Urban Spaces: An Asian Perspective Archan Misra (Singapore Management University, Singapore) 10:30-12:00 Session 1: Understanding Context\u00a0 Chaired by Jakob Eg Larsen (Technical University of Denmark, Denmark) Matador: Mobile Task &hellip; <a href=\"https:\/\/vecchio.iet.unipi.it\/permoby2013\/technical-program\/\">Continue reading <span class=\"meta-nav\">&rarr;<\/span><\/a><\/p>\n","protected":false},"author":1,"featured_media":0,"parent":0,"menu_order":5,"comment_status":"closed","ping_status":"closed","template":"","meta":{"_monsterinsights_skip_tracking":false,"_monsterinsights_sitenote_active":false,"_monsterinsights_sitenote_note":"","_monsterinsights_sitenote_category":0,"footnotes":""},"class_list":["post-7","page","type-page","status-publish","hentry"],"_links":{"self":[{"href":"https:\/\/vecchio.iet.unipi.it\/permoby2013\/wp-json\/wp\/v2\/pages\/7","targetHints":{"allow":["GET"]}}],"collection":[{"href":"https:\/\/vecchio.iet.unipi.it\/permoby2013\/wp-json\/wp\/v2\/pages"}],"about":[{"href":"https:\/\/vecchio.iet.unipi.it\/permoby2013\/wp-json\/wp\/v2\/types\/page"}],"author":[{"embeddable":true,"href":"https:\/\/vecchio.iet.unipi.it\/permoby2013\/wp-json\/wp\/v2\/users\/1"}],"replies":[{"embeddable":true,"href":"https:\/\/vecchio.iet.unipi.it\/permoby2013\/wp-json\/wp\/v2\/comments?post=7"}],"version-history":[{"count":14,"href":"https:\/\/vecchio.iet.unipi.it\/permoby2013\/wp-json\/wp\/v2\/pages\/7\/revisions"}],"predecessor-version":[{"id":162,"href":"https:\/\/vecchio.iet.unipi.it\/permoby2013\/wp-json\/wp\/v2\/pages\/7\/revisions\/162"}],"wp:attachment":[{"href":"https:\/\/vecchio.iet.unipi.it\/permoby2013\/wp-json\/wp\/v2\/media?parent=7"}],"curies":[{"name":"wp","href":"https:\/\/api.w.org\/{rel}","templated":true}]}}