{"id":7,"date":"2011-05-28T08:30:24","date_gmt":"2011-05-28T06:30:24","guid":{"rendered":"http:\/\/vecchio.iet.unipi.it\/permoby\/?page_id=7"},"modified":"2012-03-05T18:59:33","modified_gmt":"2012-03-05T16:59:33","slug":"technical-program","status":"publish","type":"page","link":"https:\/\/vecchio.iet.unipi.it\/permoby2012\/technical-program\/","title":{"rendered":"Technical program"},"content":{"rendered":"<p><strong>Workshop date: 19 March 2012<\/strong><\/p>\n<p><em>8:30 AM &#8211; 9:00 AM<\/em><br \/>\n<strong>Opening remarks<\/strong><br \/>\nAlessio Vecchio<\/p>\n<p><em>9:00 AM &#8211; 10:00 AM<\/em><strong> <\/strong><br \/>\n<strong>Keynote speech: Mobility in Socio-Technical Urban Organisms: from Sensing to Steering<\/strong><br \/>\nFranco Zambonelli (University of Modena and Reggio Emilia, Italy)<\/p>\n<p><em>10:00 AM &#8211; 10:30 AM<\/em><br \/>\n<strong>Coffee break<\/strong><\/p>\n<p><em>10:30 AM &#8211; 12:00 PM<\/em><br \/>\n<strong> Session 1: Opportunistic Communication and Human Mobility<\/strong><br \/>\nChair: Alessio Vecchio (University of Pisa, Italy)<\/p>\n<ul>\n<li><strong>Mobility and Service Discovery in Opportunistic Networks<\/strong> Mikko Pitk\u00e4nen (Aalto University, Finland); Teemu K\u00e4rkk\u00e4inen (Helsinki University of Technology, Finland); Joerg Ott (Aalto University &amp; Helsinki Institute of Information Technology, Finland)<\/li>\n<li><strong>Lobby Influence: Opportunistic forwarding algorithm based on Human social relationship patterns <\/strong>Sardar Kashif Ashraf Khan (Mirpur University of Science and Technology, United Kingdom); Raul Mondragon (Queen Mary University of London, United Kingdom); Laurissa Tokarchuk (Queen Mary, University of London, United Kingdom)<\/li>\n<li><strong>You are where you eat: Foursquare checkins as indicators of human mobility and behaviour <\/strong>Gualtiero Colombo (University of Cardiff, United Kingdom); Martin J Chorley (Cardiff University, United Kingdom); Matthew Williams (Cardiff University, United Kingdom); Stuart Allen (University of Cardiff, United Kingdom); Roger Whitaker (University of Cardiff, United Kingdom)<\/li>\n<\/ul>\n<p><em>12:00 PM &#8211; 1:30 PM<\/em><br \/>\n<strong>Lunch<\/strong><\/p>\n<p><em>1:30 PM &#8211; 3:00 PM<\/em><br \/>\n<strong>Session 2: Making Sense of Human Activity<\/strong><br \/>\nChair: Mikko Pitk\u00e4nen (Aalto University, Finland)<\/p>\n<ul>\n<li><strong>People Get Together on Special Events: discovering happenings in the city via cell network analysis <\/strong>Laura Ferrari (University of Modena and Reggio Emilia, Italy); Marco Mamei (Universit\u00e0 di Modena e Reggio Emilia, Italy); Massimo Colonna (Telecom Italia, Italy)<\/li>\n<li><strong>Practical Automated Activity Recognition Using Standard Smartphones<\/strong> Victoria Stewart (Queen&#8217;s University of Belfast, United Kingdom); Robin Ferguson (The Queen&#8217;s University of Belfast, United Kingdom); Jian-Xun Peng (Queen&#8217;s University of Belfast, United Kingdom); Karen Rafferty (Queen&#8217;s University Belfast, United Kingdom)<\/li>\n<li><strong>A Method of Simultaneously Displaying a Passing Person and His\/Her Message on the Same Screen Space <\/strong>Kazumasa Takami (Soka University, Japan)<\/li>\n<\/ul>\n<p><em>3:00 PM &#8211; 3:30 AM<\/em><br \/>\n<strong>Coffee break<\/strong><\/p>\n<p><em>3:30 PM &#8211; 5:30 PM<\/em><br \/>\n<strong>Session 3: Localization <\/strong><br \/>\nChair: Daniele Puccinelli (University of Applied Sciences of Southern Switzerland, Switzerland)<\/p>\n<ul>\n<li><strong>Enhanced Localization Solution<\/strong> Michela Papandrea (University of Applied Sciences of Southern Switzerland Switzerland (SUPSI), Switzerland); Silvia Giordano (University of Applied Science &#8211; SUPSI, Switzerland)<\/li>\n<li><strong>MCMC-based indoor localization with a smart phone and sparse WiFi access points<\/strong> Yan Liu (Harbin Institute of Technology, P.R. China); Qiang Wang (Harbin Institute of Technology, P.R. China); Junbin Liu (Queensland University of Technology &amp; Commonwealth Scientific and Industrial Organisation, Australia); Tim Wark (CSIRO, Australia)<\/li>\n<li><strong>Comm2Sense: Detecting Proximity Through Smartphones<\/strong> Iacopo Carreras (Create-Net, Italy); Aleksandar Matic (Create-net, Italy); Piret Saar (CREATE-NET, Italy); Venet Osmani (Create-Net, Italy)<\/li>\n<li><strong>Situation-Aware Choice of the Most Accurate Positioning System<\/strong> Daniel Sch\u00f6n (University of Mannheim, Germany); Hendrik Lemelson (University of Mannheim, Germany); Wolfgang Effelsberg (University of Mannheim, Germany)<\/li>\n<\/ul>\n","protected":false},"excerpt":{"rendered":"<p>Workshop date: 19 March 2012 8:30 AM &#8211; 9:00 AM Opening remarks Alessio Vecchio 9:00 AM &#8211; 10:00 AM Keynote speech: Mobility in Socio-Technical Urban Organisms: from Sensing to Steering Franco Zambonelli (University of Modena and Reggio Emilia, Italy) 10:00 &hellip; <a href=\"https:\/\/vecchio.iet.unipi.it\/permoby2012\/technical-program\/\">Continue reading <span class=\"meta-nav\">&rarr;<\/span><\/a><\/p>\n","protected":false},"author":1,"featured_media":0,"parent":0,"menu_order":5,"comment_status":"closed","ping_status":"closed","template":"","meta":{"_monsterinsights_skip_tracking":false,"_monsterinsights_sitenote_active":false,"_monsterinsights_sitenote_note":"","_monsterinsights_sitenote_category":0,"footnotes":""},"class_list":["post-7","page","type-page","status-publish","hentry"],"_links":{"self":[{"href":"https:\/\/vecchio.iet.unipi.it\/permoby2012\/wp-json\/wp\/v2\/pages\/7","targetHints":{"allow":["GET"]}}],"collection":[{"href":"https:\/\/vecchio.iet.unipi.it\/permoby2012\/wp-json\/wp\/v2\/pages"}],"about":[{"href":"https:\/\/vecchio.iet.unipi.it\/permoby2012\/wp-json\/wp\/v2\/types\/page"}],"author":[{"embeddable":true,"href":"https:\/\/vecchio.iet.unipi.it\/permoby2012\/wp-json\/wp\/v2\/users\/1"}],"replies":[{"embeddable":true,"href":"https:\/\/vecchio.iet.unipi.it\/permoby2012\/wp-json\/wp\/v2\/comments?post=7"}],"version-history":[{"count":17,"href":"https:\/\/vecchio.iet.unipi.it\/permoby2012\/wp-json\/wp\/v2\/pages\/7\/revisions"}],"predecessor-version":[{"id":100,"href":"https:\/\/vecchio.iet.unipi.it\/permoby2012\/wp-json\/wp\/v2\/pages\/7\/revisions\/100"}],"wp:attachment":[{"href":"https:\/\/vecchio.iet.unipi.it\/permoby2012\/wp-json\/wp\/v2\/media?parent=7"}],"curies":[{"name":"wp","href":"https:\/\/api.w.org\/{rel}","templated":true}]}}