{"id":9,"date":"2010-02-09T16:35:35","date_gmt":"2010-02-09T15:35:35","guid":{"rendered":"http:\/\/localhost\/wordpress\/?page_id=9"},"modified":"2018-06-07T14:46:36","modified_gmt":"2018-06-07T13:46:36","slug":"info","status":"publish","type":"page","link":"https:\/\/vecchio.iet.unipi.it\/informatica\/","title":{"rendered":"Info"},"content":{"rendered":"<p><strong>Informatica per Ing. Biomedica<br \/>\n<\/strong><\/p>\n<p>Sei CFU di cui due di laboratorio.<\/p>\n<ul>\n<li><a href=\"http:\/\/unimap.unipi.it\/registri\/dettregistriNEW.php?re=106427::::&amp;ri=10411\">Registro delle lezioni (13\/14)<\/a><\/li>\n<\/ul>\n<p><strong>Modalit\u00e0 d&#8217;esame<\/strong><\/p>\n<p>La durata della prova d&#8217;esame \u00e8 di due ore. Non \u00e8 consentito l&#8217;uso di libri o appunti. Una copia del libro di testo e dei lucidi \u00e8 disponibile alla cattedra per consultazione. E&#8217; necessario iscriversi attraverso il sistema di <a href=\"http:\/\/esami.unipi.it\/esami\">prenotazione esami<\/a>.<\/p>\n<p>Il numero di scritti che \u00e8 possibile consegnare \u00e8 limitato a 4 per anno.<\/p>\n<p><strong>Testi d&#8217;esame<\/strong><\/p>\n<p>I testi d&#8217;esame degli anni passati sono disponibili <a title=\"Testi d\u2019esame\" href=\"http:\/\/vecchio.iet.unipi.it\/vecchio-2\/didattica\/informatica-ing-biomedica\/testi-desame\/\">qui<\/a>.<\/p>\n<p><strong>Testi di riferimento<\/strong><\/p>\n<ul>\n<li>Introduzione alla programmazione ed elementi di strutture dati con il linguaggio C++, A. Domenici e G. Frosini, FrancoAngeli editore. Circa 1\/3 del libro.<\/li>\n<li>Note su organizzazione di un calcolatore e rappresentazione dell&#8217;informazione. P. Corsini e G. Frosini, SEU (non pi\u00f9 stampato e disponibile in biblioteca). Circa 1\/2 della dispensa.<\/li>\n<\/ul>\n<p><strong>Programma del corso<\/strong><\/p>\n<p><em>Organizzazione di un calcolatore e rappresentazione dell&#8217;informazione<\/em><\/p>\n<ul>\n<li>Organizzazione di un semplice calcolatore.<\/li>\n<li>Blocchi funzionali.<\/li>\n<li>Rappresentazione dei testi.<\/li>\n<li>Rappresentazione delle figure.<\/li>\n<li>Espressione di un numero in una generica base.<\/li>\n<li>Conversione di base.<\/li>\n<li>Rappresentazione dei numeri all&#8217;interno dei calcolatori:<\/li>\n<li>Rappresentazione dei numeri naturali in base due.<\/li>\n<li>Rappresentazione dei numeri interi in base due.<\/li>\n<li>Rappresentazione dei numeri reali in base due.<\/li>\n<\/ul>\n<p><em>Programmazione strutturata<\/em><\/p>\n<ul>\n<li>I linguaggi di alto livello.<\/li>\n<li>Scrittura, traduzione, collegamento ed esecuzione di un programma.<\/li>\n<li>Formalismo di Backus e Naur.<\/li>\n<li>Metalinguaggio per la sintassi del C++. Sintassi del C++.<\/li>\n<li>Identificatori, parole chiave, proprieta&#8217; degli operatori.<\/li>\n<li>Struttura di un semplice programma.<\/li>\n<li>Oggetti. Dichiarazioni e definizioni.<\/li>\n<li>Tipo intero. Tipo unsigned. Tipo reale. Tipo booleano. Tipo carattere.<\/li>\n<li>Tipi enumerazione.<\/li>\n<li>Conversioni di tipo.<\/li>\n<li>Operatore sizeof. Assegnamento. Incremento e decremento.<\/li>\n<li>Espressioni aritmetiche e logiche. Operatore condizionale.<\/li>\n<li>Istruzioni condizionali: if.<\/li>\n<li>Istruzioni condizionali: switch.<\/li>\n<li>Istruzioni ripetitive: il while.<\/li>\n<li>Istruzioni ripetitive: il for.<\/li>\n<li>Standard input, standard output, standard error.<\/li>\n<li>Accesso ai file (lettura e scrittura).<\/li>\n<li>Concetto di funzione.<\/li>\n<li>Istruzione return.<\/li>\n<li>Dichiarazioni di funzione.<\/li>\n<li>Argomenti e variabili locali.<\/li>\n<li>Funzioni void. Funzioni senza argomenti.<\/li>\n<li>Overloading di funzioni.<\/li>\n<li>Dicharazioni typedef.<\/li>\n<li>Librerie: stdlib.h, ctype.h, math.h.<\/li>\n<li>Tipi derivati. Puntatori.<\/li>\n<li>Operazioni sui puntatori.<\/li>\n<li>Tipi e oggetti array.<\/li>\n<li>Array e puntatori.<\/li>\n<li>Array multidimensionali.<\/li>\n<li>Stringhe.<\/li>\n<li>Funzioni di libreria sulle stringhe.<\/li>\n<li>Array come argomenti di funzioni.<\/li>\n<li>Argomenti array costanti. Argomenti array multidimensionali.<\/li>\n<li>Strutture. Operazioni sulle strutture.<\/li>\n<li>Visibilita&#8217;. Blocchi.<\/li>\n<li>Unita&#8217; di compilazione. Collegamento.<\/li>\n<li>Classi di memorizzazioni. Effetti collaterali.<\/li>\n<\/ul>\n<p><em>Algoritmi di ordinamento e tipi di dato astratto<\/em><\/p>\n<ul>\n<li>Ordinamento di vettori: selection-sort e bubble-sort.<\/li>\n<li>Ricerca lineare. Ricerca binaria.<\/li>\n<li>I tipi di dati astratti pila e coda.<\/li>\n<\/ul>\n","protected":false},"excerpt":{"rendered":"<p>Informatica per Ing. Biomedica Sei CFU di cui due di laboratorio. Registro delle lezioni (13\/14) Modalit\u00e0 d&#8217;esame La durata della prova d&#8217;esame \u00e8 di due ore. Non \u00e8 consentito l&#8217;uso di libri o appunti. Una copia del libro di testo e dei lucidi \u00e8 disponibile alla cattedra per consultazione. E&#8217; necessario iscriversi attraverso il sistema [&hellip;]<\/p>\n","protected":false},"author":1,"featured_media":0,"parent":0,"menu_order":0,"comment_status":"closed","ping_status":"closed","template":"","meta":{"_monsterinsights_skip_tracking":false,"_monsterinsights_sitenote_active":false,"_monsterinsights_sitenote_note":"","_monsterinsights_sitenote_category":0,"footnotes":""},"class_list":["post-9","page","type-page","status-publish","hentry"],"_links":{"self":[{"href":"https:\/\/vecchio.iet.unipi.it\/informatica\/wp-json\/wp\/v2\/pages\/9","targetHints":{"allow":["GET"]}}],"collection":[{"href":"https:\/\/vecchio.iet.unipi.it\/informatica\/wp-json\/wp\/v2\/pages"}],"about":[{"href":"https:\/\/vecchio.iet.unipi.it\/informatica\/wp-json\/wp\/v2\/types\/page"}],"author":[{"embeddable":true,"href":"https:\/\/vecchio.iet.unipi.it\/informatica\/wp-json\/wp\/v2\/users\/1"}],"replies":[{"embeddable":true,"href":"https:\/\/vecchio.iet.unipi.it\/informatica\/wp-json\/wp\/v2\/comments?post=9"}],"version-history":[{"count":20,"href":"https:\/\/vecchio.iet.unipi.it\/informatica\/wp-json\/wp\/v2\/pages\/9\/revisions"}],"predecessor-version":[{"id":1220,"href":"https:\/\/vecchio.iet.unipi.it\/informatica\/wp-json\/wp\/v2\/pages\/9\/revisions\/1220"}],"wp:attachment":[{"href":"https:\/\/vecchio.iet.unipi.it\/informatica\/wp-json\/wp\/v2\/media?parent=9"}],"curies":[{"name":"wp","href":"https:\/\/api.w.org\/{rel}","templated":true}]}}