{"id":566,"date":"2012-08-24T12:52:43","date_gmt":"2012-08-24T11:52:43","guid":{"rendered":"http:\/\/vecchio.iet.unipi.it\/vecchio-2\/?page_id=566"},"modified":"2018-06-07T14:47:24","modified_gmt":"2018-06-07T13:47:24","slug":"regole","status":"publish","type":"page","link":"https:\/\/vecchio.iet.unipi.it\/informatica\/regole\/","title":{"rendered":"Regole"},"content":{"rendered":"<p><strong>Regole relative all&#8217;esame di Informatica per Ing. Biomedica<\/strong><\/p>\n<ul>\n<li>La prova d&#8217;esame (scritto) si svolge al calcolatore.<\/li>\n<li>Per sostenere la prova d&#8217;esame lo studente deve avere con s\u00e9 il libretto (o al limite un documento di riconoscimento).<\/li>\n<li>E&#8217; necessario iscriversi alla prova d&#8217;esame attraverso il sistema di <a href=\"http:\/\/esami.unipi.it\/esami\">prenotazione<\/a>.<\/li>\n<li>La durata della prova \u00e8 di circa due ore. Non \u00e8 consentito ritirarsi prima che sia trascorsa un&#8217;ora dall&#8217;inizio della prova.<\/li>\n<li>Durante lo scritto non \u00e8 possibile consultare n\u00e9 gli appunti n\u00e9 i testi d&#8217;esame del passato. L&#8217;unica cosa che lo studente pu\u00f2 consultare \u00e8 una copia del libro di testo disponibile alla cattedra.<\/li>\n<li>Il numero di consegne \u00e8 limitato a 4 negli ultimi 7 appelli (si prendono in considerazione gli ultimi 7 appelli, incluso quello &#8220;corrente&#8221;, e il numero di consegne non pu\u00f2 essere superiore a 4). Il 7 deriva dal fatto che in un anno ci sono 7 appelli.<\/li>\n<li>Al termine della prova al calcolatore il docente mostra una possibile soluzione. Dopo aver visto la soluzione lo studente pu\u00f2 ritirare il proprio elaborato (che in questo modo non viene conteggiato come una consegna).<\/li>\n<li>Il voto ottenuto allo scritto vale per 3 appelli, incluso quello in cui lo scritto \u00e8 stato sostenuto.<\/li>\n<li>Se lo studente esegue una consegna gli eventuali scritti precedenti &#8220;in sospeso&#8221; vengono eliminati.<\/li>\n<li>if (voto_dello_scritto &gt;= 18) {<\/li>\n<\/ul>\n<p style=\"padding-left: 60px;\">lo studente pu\u00f2 fare l&#8217;orale o chiedere che gli venga confermato il voto dello scritto<\/p>\n<p style=\"padding-left: 30px;\">} else if (voto_dello_scritto &lt; 18 &amp;&amp; voto_dello_scritto &gt;14) {<\/p>\n<p style=\"padding-left: 60px;\">lo studente deve fare l&#8217;orale<\/p>\n<p style=\"padding-left: 30px;\">else {<\/p>\n<p style=\"padding-left: 60px;\">lo studente deve rifare lo scritto<\/p>\n<p style=\"padding-left: 30px;\">}<\/p>\n<ul>\n<li>Gli studenti che collaborano (copiano) perdono per sempre la possibilit\u00e0 che gli venga confermato il voto dello scritto e devono in ogni caso sostenere la prova orale.<\/li>\n<\/ul>\n<p>&nbsp;<\/p>\n<p><strong>Per i fuori corso e gli studenti lavoratori: informazioni sugli appelli di novembre e aprile<\/strong><\/p>\n<p>Il regolamento didattico di ateneo stabilisce che<\/p>\n<p>&#8220;Sono inoltre previsti due appelli straordinari da effettuarsi rispettivamente nei mesi di novembre\/dicembre e di aprile, riservati agli studenti fuori corso e, per gli esami che prevedono la prova scritta, limitati allo svolgimento dellasola prova orale.&#8221;<\/p>\n<p>Quindi:<\/p>\n<ul>\n<li>se lo studente non \u00e8 fuori corso (o lavoratore) allora non pu\u00f2 sostenere l&#8217;esame<\/li>\n<li>se lo studente \u00e8 fuori corso (lavoratore) e ha gi\u00e0 uno scritto disponibile (cio\u00e8 con voto &gt;= 15), allora pu\u00f2 sostenere la prova orale dell&#8217;esame in una data da concordare<\/li>\n<li>se lo studente non ha uno scritto disponibile allora deve aspettare l&#8217;appello successivo (gennaio\/giugno).<\/li>\n<\/ul>\n","protected":false},"excerpt":{"rendered":"<p>Regole relative all&#8217;esame di Informatica per Ing. Biomedica La prova d&#8217;esame (scritto) si svolge al calcolatore. Per sostenere la prova d&#8217;esame lo studente deve avere con s\u00e9 il libretto (o al limite un documento di riconoscimento). E&#8217; necessario iscriversi alla prova d&#8217;esame attraverso il sistema di prenotazione. La durata della prova \u00e8 di circa due [&hellip;]<\/p>\n","protected":false},"author":1,"featured_media":0,"parent":0,"menu_order":3,"comment_status":"open","ping_status":"closed","template":"","meta":{"_monsterinsights_skip_tracking":false,"_monsterinsights_sitenote_active":false,"_monsterinsights_sitenote_note":"","_monsterinsights_sitenote_category":0,"footnotes":""},"class_list":["post-566","page","type-page","status-publish","hentry"],"_links":{"self":[{"href":"https:\/\/vecchio.iet.unipi.it\/informatica\/wp-json\/wp\/v2\/pages\/566","targetHints":{"allow":["GET"]}}],"collection":[{"href":"https:\/\/vecchio.iet.unipi.it\/informatica\/wp-json\/wp\/v2\/pages"}],"about":[{"href":"https:\/\/vecchio.iet.unipi.it\/informatica\/wp-json\/wp\/v2\/types\/page"}],"author":[{"embeddable":true,"href":"https:\/\/vecchio.iet.unipi.it\/informatica\/wp-json\/wp\/v2\/users\/1"}],"replies":[{"embeddable":true,"href":"https:\/\/vecchio.iet.unipi.it\/informatica\/wp-json\/wp\/v2\/comments?post=566"}],"version-history":[{"count":10,"href":"https:\/\/vecchio.iet.unipi.it\/informatica\/wp-json\/wp\/v2\/pages\/566\/revisions"}],"predecessor-version":[{"id":883,"href":"https:\/\/vecchio.iet.unipi.it\/informatica\/wp-json\/wp\/v2\/pages\/566\/revisions\/883"}],"wp:attachment":[{"href":"https:\/\/vecchio.iet.unipi.it\/informatica\/wp-json\/wp\/v2\/media?parent=566"}],"curies":[{"name":"wp","href":"https:\/\/api.w.org\/{rel}","templated":true}]}}